{"id":207197,"date":"2016-09-16T20:33:02","date_gmt":"2016-09-16T18:33:02","guid":{"rendered":"https:\/\/rvccb.be\/?page_id=207197"},"modified":"2023-11-25T10:43:30","modified_gmt":"2023-11-25T09:43:30","slug":"j","status":"publish","type":"page","link":"https:\/\/rvccb.be\/nl\/constructeurs-nl\/j\/","title":{"rendered":"J"},"content":{"rendered":"<p>[et_pb_section bb_built=&#8221;1&#8243; fullwidth=&#8221;off&#8221; specialty=&#8221;off&#8221; transparent_background=&#8221;on&#8221; background_color=&#8221;rgba(255,255,255,0)&#8221; allow_player_pause=&#8221;off&#8221; inner_shadow=&#8221;off&#8221; parallax=&#8221;off&#8221; parallax_method=&#8221;off&#8221; padding_mobile=&#8221;off&#8221; make_fullwidth=&#8221;off&#8221; use_custom_width=&#8221;off&#8221; width_unit=&#8221;on&#8221; make_equal=&#8221;off&#8221; use_custom_gutter=&#8221;off&#8221; next_background_color=&#8221;#000000&#8243; custom_padding_tablet=&#8221;50px|0|50px|0&#8243; custom_padding_last_edited=&#8221;on|desktop&#8221;][et_pb_row make_fullwidth=&#8221;on&#8221; use_custom_width=&#8221;off&#8221; width_unit=&#8221;on&#8221; use_custom_gutter=&#8221;off&#8221; padding_mobile=&#8221;off&#8221; allow_player_pause=&#8221;off&#8221; parallax=&#8221;off&#8221; parallax_method=&#8221;off&#8221; make_equal=&#8221;off&#8221; parallax_1=&#8221;off&#8221; parallax_method_1=&#8221;off&#8221; column_padding_mobile=&#8221;on&#8221; background_position=&#8221;top_left&#8221; background_repeat=&#8221;repeat&#8221; background_size=&#8221;initial&#8221;][et_pb_column type=&#8221;4_4&#8243;][et_pb_text background_layout=&#8221;light&#8221; text_orientation=&#8221;center&#8221; use_border_color=&#8221;off&#8221; custom_css_main_element=&#8221;padding: 0px;&#8221; _builder_version=&#8221;3.0.105&#8243;]<\/p>\n<p>&nbsp;<\/p>\n<p><span style=\"font-size: 18pt;\">BELGISCHE CONTRUCTEURS DOOR DANIEL ABSIL<\/span><\/p>\n<p><span style=\"font-size: 24pt;\"><span class=\"style68\"><a href=\"https:\/\/rvccb.be\/constructeurs\/a\/?lang=nl\">A<\/a>\u00a0<\/span><a href=\"https:\/\/rvccb.be\/constructeurs\/b\/?lang=nl\">B<\/a>\u00a0<a href=\"https:\/\/rvccb.be\/constructeurs\/c\/?lang=nl\">C<\/a>\u00a0<a href=\"https:\/\/rvccb.be\/constructeurs\/d\/?lang=nl\">D<\/a>\u00a0<a href=\"https:\/\/rvccb.be\/constructeurs\/e\/?lang=nl\">E<\/a>\u00a0<a href=\"https:\/\/rvccb.be\/constructeurs\/f\/?lang=nl\">F<\/a>\u00a0<a href=\"https:\/\/rvccb.be\/constructeurs\/g\/?lang=nl\">G<\/a>\u00a0<a href=\"https:\/\/rvccb.be\/constructeurs\/h\/?lang=nl\">H<\/a>\u00a0<a href=\"https:\/\/rvccb.be\/constructeurs\/i\/?lang=nl\">I<\/a>\u00a0<span style=\"font-size: 36pt;\"><a href=\"https:\/\/rvccb.be\/constructeurs\/j\/?lang=nl\">J<\/a><\/span>\u00a0<a href=\"https:\/\/rvccb.be\/constructeurs\/k\/?lang=nl\">K<\/a>\u00a0<a href=\"https:\/\/rvccb.be\/constructeurs\/l\/?lang=nl\">L<\/a>\u00a0<a href=\"https:\/\/rvccb.be\/constructeurs\/m\/?lang=nl\">M<\/a>\u00a0<a href=\"https:\/\/rvccb.be\/constructeurs\/n\/?lang=nl\">N<\/a>\u00a0<a href=\"https:\/\/rvccb.be\/constructeurs\/o\/?lang=nl\">O<\/a>\u00a0<a href=\"https:\/\/rvccb.be\/constructeurs\/p\/?lang=nl\">P<\/a>\u00a0<a href=\"https:\/\/rvccb.be\/constructeurs\/q\/?lang=nl\">Q<\/a>\u00a0<a href=\"https:\/\/rvccb.be\/constructeurs\/r\/?lang=nl\">R<\/a>\u00a0<a href=\"https:\/\/rvccb.be\/constructeurs\/s\/?lang=nl\">S<\/a>\u00a0<a href=\"https:\/\/rvccb.be\/constructeurs\/t\/?lang=nl\">T<\/a>\u00a0<a href=\"https:\/\/rvccb.be\/constructeurs\/u\/?lang=nl\">U<\/a>\u00a0<a href=\"https:\/\/rvccb.be\/constructeurs\/v\/?lang=nl\">V<\/a>\u00a0<a href=\"https:\/\/rvccb.be\/constructeurs\/w\/?lang=nl\">W<\/a>\u00a0<a href=\"https:\/\/rvccb.be\/constructeurs\/x\/?lang=nl\">X<\/a>\u00a0<a href=\"https:\/\/rvccb.be\/constructeurs\/y\/?lang=nl\">Y<\/a>\u00a0<a href=\"https:\/\/rvccb.be\/constructeurs\/z\/?lang=nl\">Z<\/a><\/span><\/p>\n<p>[\/et_pb_text][\/et_pb_column][\/et_pb_row][\/et_pb_section][et_pb_section bb_built=&#8221;1&#8243; fullwidth=&#8221;off&#8221; specialty=&#8221;off&#8221; transparent_background=&#8221;on&#8221; background_color=&#8221;rgba(255,255,255,0)&#8221; allow_player_pause=&#8221;off&#8221; inner_shadow=&#8221;off&#8221; parallax=&#8221;off&#8221; parallax_method=&#8221;off&#8221; padding_mobile=&#8221;off&#8221; make_fullwidth=&#8221;off&#8221; use_custom_width=&#8221;off&#8221; width_unit=&#8221;on&#8221; make_equal=&#8221;off&#8221; use_custom_gutter=&#8221;off&#8221; custom_css_main_element=&#8221;margin-top: -50px;&#8221; prev_background_color=&#8221;#000000&#8243; next_background_color=&#8221;#000000&#8243; custom_padding_tablet=&#8221;50px|0|50px|0&#8243; custom_padding_last_edited=&#8221;on|desktop&#8221;][et_pb_row make_fullwidth=&#8221;off&#8221; use_custom_width=&#8221;off&#8221; width_unit=&#8221;on&#8221; use_custom_gutter=&#8221;off&#8221; padding_mobile=&#8221;off&#8221; custom_margin=&#8221;-40px|||&#8221; allow_player_pause=&#8221;off&#8221; parallax=&#8221;off&#8221; parallax_method=&#8221;off&#8221; make_equal=&#8221;off&#8221; parallax_1=&#8221;off&#8221; parallax_method_1=&#8221;off&#8221; parallax_2=&#8221;off&#8221; parallax_method_2=&#8221;off&#8221; parallax_3=&#8221;off&#8221; parallax_method_3=&#8221;off&#8221; parallax_4=&#8221;off&#8221; parallax_method_4=&#8221;off&#8221; column_padding_mobile=&#8221;on&#8221; background_position=&#8221;top_left&#8221; background_repeat=&#8221;repeat&#8221; background_size=&#8221;initial&#8221;][et_pb_column type=&#8221;1_3&#8243;][et_pb_text background_layout=&#8221;light&#8221; text_orientation=&#8221;left&#8221; use_border_color=&#8221;off&#8221; border_color=&#8221;#ffffff&#8221; border_style=&#8221;solid&#8221; custom_margin=&#8221;-30px|||&#8221; background_position=&#8221;top_left&#8221; background_repeat=&#8221;repeat&#8221; background_size=&#8221;initial&#8221;]<\/p>\n<p><span style=\"font-size: 12pt;\"><a href=\"#JANSSENS\"><strong>JANSSENS<\/strong><\/a><\/span><\/p>\n<p><span style=\"font-size: 12pt;\"><a href=\"#JEECY\"><strong>JEECY &#8211; VEA<\/strong><\/a><\/span><\/p>\n<p><span style=\"font-size: 12pt;\"><strong><a href=\"#JENATZY\">JENATZY<\/a><\/strong><\/span><\/p>\n<p>[\/et_pb_text][\/et_pb_column][et_pb_column type=&#8221;1_3&#8243;][et_pb_text background_layout=&#8221;light&#8221; text_orientation=&#8221;left&#8221; use_border_color=&#8221;off&#8221; border_color=&#8221;#ffffff&#8221; border_style=&#8221;solid&#8221; custom_margin=&#8221;-30px|||&#8221; background_position=&#8221;top_left&#8221; background_repeat=&#8221;repeat&#8221; background_size=&#8221;initial&#8221;]<\/p>\n<p><span style=\"font-size: 12pt;\"><strong><a href=\"#JONCKHEERE\">JONCKHEERE<\/a><\/strong><\/span><\/p>\n<p><span style=\"font-size: 12pt;\"><strong><a href=\"#JOOS\">JOOS<\/a><\/strong><\/span><\/p>\n<p><span style=\"font-size: 12pt;\"><strong><a href=\"#JUWEL\">JUWEL<\/a><\/strong><\/span><\/p>\n<p>[\/et_pb_text][\/et_pb_column][et_pb_column type=&#8221;1_3&#8243;][\/et_pb_column][\/et_pb_row][et_pb_row make_fullwidth=&#8221;on&#8221; use_custom_width=&#8221;off&#8221; width_unit=&#8221;on&#8221; use_custom_gutter=&#8221;off&#8221; padding_mobile=&#8221;off&#8221; allow_player_pause=&#8221;off&#8221; parallax=&#8221;off&#8221; parallax_method=&#8221;off&#8221; make_equal=&#8221;off&#8221; parallax_1=&#8221;off&#8221; parallax_method_1=&#8221;off&#8221; column_padding_mobile=&#8221;on&#8221; background_position=&#8221;top_left&#8221; background_repeat=&#8221;repeat&#8221; background_size=&#8221;initial&#8221;][et_pb_column type=&#8221;4_4&#8243;][et_pb_divider color=&#8221;#ffffff&#8221; show_divider=&#8221;on&#8221; height=&#8221;5&#8243; divider_style=&#8221;solid&#8221; divider_position=&#8221;top&#8221; hide_on_mobile=&#8221;on&#8221; disabled_on=&#8221;on|on|off&#8221; \/][\/et_pb_column][\/et_pb_row][\/et_pb_section][et_pb_section bb_built=&#8221;1&#8243; fullwidth=&#8221;off&#8221; specialty=&#8221;off&#8221; transparent_background=&#8221;on&#8221; background_color=&#8221;rgba(255,255,255,0)&#8221; allow_player_pause=&#8221;off&#8221; inner_shadow=&#8221;off&#8221; parallax=&#8221;off&#8221; parallax_method=&#8221;off&#8221; padding_mobile=&#8221;off&#8221; make_fullwidth=&#8221;off&#8221; use_custom_width=&#8221;off&#8221; width_unit=&#8221;on&#8221; make_equal=&#8221;off&#8221; use_custom_gutter=&#8221;off&#8221; prev_background_color=&#8221;#000000&#8243; custom_padding_tablet=&#8221;50px|0|50px|0&#8243; custom_padding_last_edited=&#8221;on|desktop&#8221;][et_pb_row make_fullwidth=&#8221;on&#8221; use_custom_width=&#8221;off&#8221; width_unit=&#8221;on&#8221; use_custom_gutter=&#8221;off&#8221; padding_mobile=&#8221;off&#8221; custom_margin=&#8221;-100px|||&#8221; allow_player_pause=&#8221;off&#8221; parallax=&#8221;off&#8221; parallax_method=&#8221;off&#8221; make_equal=&#8221;off&#8221; parallax_1=&#8221;off&#8221; parallax_method_1=&#8221;off&#8221; column_padding_mobile=&#8221;on&#8221; background_position=&#8221;top_left&#8221; background_repeat=&#8221;repeat&#8221; background_size=&#8221;initial&#8221;][et_pb_column type=&#8221;4_4&#8243;][et_pb_text admin_label=&#8221;JANSSENS&#8221; background_layout=&#8221;dark&#8221; text_orientation=&#8221;left&#8221; use_border_color=&#8221;off&#8221; border_color=&#8221;#ffffff&#8221; border_style=&#8221;solid&#8221; module_id=&#8221;JANSSENS&#8221; background_position=&#8221;top_left&#8221; background_repeat=&#8221;repeat&#8221; background_size=&#8221;initial&#8221;]<\/p>\n<p class=\"p2\"><span style=\"color: #ff5b5b;\"><b><span style=\"font-size: 14pt;\">JANSSENS (Ateliers A. JANSSENS)\u00a0\u00a0\u00a0\u00a0\u00a01902-1910<\/span><\/b><\/span><span style=\"font-size: 12pt;\"><br \/>\n rue du Gazom\u00e8tre \u00e0 Saint Nicolas<\/span><\/p>\n<p class=\"p3\"><span style=\"font-size: 12pt;\">Titulaires des 1900 d&#8217;un brevet concernant l&#8217;avant-train moteur pouvant \u00eatre fixe sur un v\u00e9hicule hippomobile, les Ateliers JANSSENS construiront une voiture de ville \u00e0 moteur 2 ou 4 cylindres mont\u00e9 \u00e0 l&#8217;avant avec traction avant.<\/span><br \/>\n <span style=\"font-size: 12pt;\">Pr\u00e9sente au Salon de Bruxelles de mars 1902, ce v\u00e9hicule ne sera commercialise que fin 1903. Ce constructeur se limitera ensuite \u00e0 la seule production de ch\u00e2ssis.<\/span><\/p>\n<p>[\/et_pb_text][et_pb_text admin_label=&#8221;JEECY&#8221; background_layout=&#8221;dark&#8221; text_orientation=&#8221;left&#8221; use_border_color=&#8221;off&#8221; border_color=&#8221;#ffffff&#8221; border_style=&#8221;solid&#8221; module_id=&#8221;JEECY&#8221; background_position=&#8221;top_left&#8221; background_repeat=&#8221;repeat&#8221; background_size=&#8221;initial&#8221;]<\/p>\n<p class=\"p2\"><span style=\"color: #ff5b5b;\"><b><span style=\"font-size: 14pt;\">JEECY &#8211; VEA Bruxelles\u00a0\u00a0\u00a0\u00a0\u00a01926<\/span><\/b><\/span><span style=\"font-size: 12pt;\"><br \/>\n ateliers : rue du Frontispice 83, Bruxelles<\/span><br \/>\n <span style=\"font-size: 12pt;\">magasins : rue Defacqiz 30, Bruxelles<\/span><\/p>\n<p class=\"p3\"><span style=\"font-size: 12pt;\">Jean WATELET et Jacques VERGOTE de LANTSMEERE \u00e9taient connus des 1923 pour leur construction de motocyclettes dans les Ateliers de la \u201cBruxelloise d&#8217;Auto-Transport\u201d.<\/span><br \/>\n <span style=\"font-size: 12pt;\">En 1926 ils produiront quelques voiturettes \u00e0 moteur 2 cyl. oppos\u00e9s, \u00e0 soupapes lat\u00e9rales, refroidi par eau, de 750 cc. provenant de chez COVENTRY-VICTOR. Ce moteur d\u00e9veloppait 17 cv. \u00e0 3500 t\/min.<\/span><br \/>\n <span style=\"font-size: 12pt;\">Des carrosseries torp\u00e9do et cabriolet figuraient au catalogue. Tr\u00e8s peu de JEECY-VEA furent cependant construites.<\/span><\/p>\n<p>[\/et_pb_text][et_pb_text admin_label=&#8221;JENATZY&#8221; background_layout=&#8221;dark&#8221; text_orientation=&#8221;left&#8221; use_border_color=&#8221;off&#8221; border_color=&#8221;#ffffff&#8221; border_style=&#8221;solid&#8221; module_id=&#8221;JENATZY&#8221; background_position=&#8221;top_left&#8221; background_repeat=&#8221;repeat&#8221; background_size=&#8221;initial&#8221;]<\/p>\n<p class=\"p2\"><span style=\"color: #ff5b5b;\"><b><span style=\"font-size: 14pt;\">JENATZY Camille\u00a0\u00a0\u00a0\u00a0\u00a01868-1913<\/span><\/b><\/span><span style=\"font-size: 12pt;\"><br \/>\n Le nom du pilote belge Camille JENATZY ne \u00e0 Schaerbeek le 4 novembre 1868 reste incontestablement lie \u00e0 l\u2019histoire de l\u2019automobile. Qui ne conna\u00eet pas sa \u201cJamais contente\u201d, voiture \u00e9lectrique en forme d\u2019obus pointu aux deux bouts, longue de quatre m\u00e8tres, carross\u00e9e en partinium chez Rotschild et mue par un propulseur \u00e9lectrique de sa r\u00e9alisation? C\u2019est avec ce v\u00e9hicule qu\u2019il \u00e9tablit le 29 avril 1899 sur la route du parc agricole d\u2019Ach\u00e8res pr\u00e8s de Paris Je record mondial de vitesse terrestre en d\u00e9passent la barre alors fatidique des 100 Km\/h.( 105,882 Km\/h.). Ce v\u00e9n\u00e9rable engin repose aujourd\u2019hui au Mus\u00e9e de la voiture de Compi\u00e8gne .<\/span><\/p>\n<p class=\"p3\"><span style=\"font-size: 12pt;\">Ing\u00e9nieur en \u00e9lectrotechnique surnomm\u00e9 \u201cle diable rouge\u201d, \u00e0 cause de son intr\u00e9pidit\u00e9 mais aussi de la couleur de sa barbe et de ses cheveux, Camille JENATZY faisait partie de la grande lign\u00e9e des coureurs automobiles de son temps, s\u2019illustrant notamment sur PIPE, MORS et MERCEDES pour qui il remporta le 21 juillet 1903 de haute lutte, la Coupe Gordon Bonett en Irlande, apr\u00e8s un duel m\u00e9morable avec Barre de KNYFF sur PANHARD. Retir\u00e9 du sport automobile actif en 1910, il d\u00e9c\u00e9dera en 1913 des suites d\u2019un accident \u2026 de chasse et sa s\u00e9pulture repose au cimeti\u00e8re de Laeken.<\/span><\/p>\n<p class=\"p3\"><span style=\"font-size: 12pt;\">Son nom restera \u00e9galement associ\u00e9 \u00e0 la conception de plusieurs voilures \u00e9lectriques ou mixtes ( p\u00e9trol\u00e9o-\u00e9lectriques) et d\u2019un type d\u2019embrayage \u00e9lectromagn\u00e9tique utilis\u00e9 sur diff\u00e9rentes voitures de courses de l\u2019\u00e9poque dont une PIPE de 1904.<\/span><br \/>\n <span style=\"font-size: 12pt;\">Son premier v\u00e9hicule \u00e9lectrique fut une quatre places dos \u00e0 dos \u00e0 transmission par cha\u00eene construite en 1898.<\/span><br \/>\n <span style=\"font-size: 12pt;\">De 1899 \u00e0 1901, des voitures \u00e9lectriques plus lourdes et des fourgonnettes furent produites, d\u2019apr\u00e8s ses croquis, par la \u201cCompagnie Internationale des Transports Automobiles\u201d \u00e0 Paris.<\/span><\/p>\n<p class=\"p3\"><span style=\"font-size: 12pt;\">Il collaborera \u00e9galement \u00e0 la construction de moteurs p\u00e9trol\u00e9o-\u00e9lectriques en 1901 par transformation d\u2019une MORS, puis \u00e0 la F.N. o\u00f9 \u2013 pour compte du Baron de CATERS- il contribuera \u00e0 la sortie d\u2019une grosse voiture p\u00e9trol\u00e9o-\u00e9lectrique destin\u00e9e aux courses de vitesse, mais celle-ci qui d\u00e9veloppait alors 100 cv. ne r\u00e9pondra gu\u00e8re \u00e0 son attente. Des v\u00e9hicules de moindre puissance ( 12\/15 et 20\/28 cv.) seront encore fabriqu\u00e9s sous le nom de JENATZY-MARTINI \u00e0 Li\u00e8ge.<\/span><br \/>\n <span style=\"font-size: 12pt;\">Apr\u00e8s 1903 son nom ne sera plus associ\u00e9 \u00e0 aucune marque automobile.<\/span><\/p>\n<p>[\/et_pb_text][et_pb_text admin_label=&#8221;JONCKHEERE &#8221; background_layout=&#8221;dark&#8221; text_orientation=&#8221;left&#8221; use_border_color=&#8221;off&#8221; border_color=&#8221;#ffffff&#8221; border_style=&#8221;solid&#8221; module_id=&#8221;JONCKHEERE&#8221; background_position=&#8221;top_left&#8221; background_repeat=&#8221;repeat&#8221; background_size=&#8221;initial&#8221;]<\/p>\n<p class=\"p2\"><span style=\"color: #ff5b5b;\"><b><span style=\"font-size: 14pt;\">JONCKHEERE BUS &amp; COACH n.v.\u00a0\u00a0\u00a0\u00a0\u00a0(1881- ) <\/span><\/b><\/span><span style=\"font-size: 12pt;\"><br \/>\n Schoolstraat 50 &#8211; ROESELAERE<\/span><\/p>\n<p class=\"p3\"><span style=\"font-size: 12pt;\">En 1881 Henri JONCKHEERE installe \u00e0 BEVEREN-ROESELAERE une petite entreprise familiale sp\u00e9cialis\u00e9e dans la construction de carrosses. D\u00e8s 1902 il pr\u00e9sente la premi\u00e8re carrosserie d&#8217;une \u201cvoiture de luxe\u201d. Ce sera le d\u00e9part d&#8217;une longue collaboration avec des constructeurs aussi prestigieux que MINERVA, ROLLS-ROYCE, FN, METALLURGIQUE, BOVY, PIPE notamment pour qui il habillera, dans un style tr\u00e8s personnel, de nombreux v\u00e9hicules.<\/span><\/p>\n<p class=\"p3\"><span style=\"font-size: 12pt;\">La premi\u00e8re guerre mondiale marquera un coup d&#8217;arr\u00eat des activit\u00e9s de la firme dont les installations seront d\u00e9vast\u00e9es. Avec sa reconstruction dans l&#8217;imm\u00e9diat apr\u00e8s guerre, le fils d&#8217;Henri JONCKHEERE, Joseph JONCKHEERE, donnera \u00e0 l&#8217;entreprise un d\u00e9veloppement international, comprenant que la diversification de ses activit\u00e9s \u00e9tait la meilleure garantie pour assurer son avenir. Ainsi d\u00e8s 1922 la firme de Roeselaere, r\u00e9pondant \u00e0 une demande croissante des transports en commun, entame-t-elle la carrosserie d&#8217;autobus faisant de cette activit\u00e9 son principal cr\u00e9neau sans pour autant n\u00e9gliger sa collaboration avec le secteur automobile. On lui doit, parmi d&#8217;autres, l&#8217;habillage en 1927 d&#8217;une MINERVA Six de tr\u00e8s belle facture.<\/span><\/p>\n<p class=\"p3\"><span style=\"font-size: 12pt;\">Anticipant sur l&#8217;ouverture du marche belge aux constructeurs am\u00e9ricains par la suppression des barri\u00e8res douani\u00e8res &#8211; politique qui sonnera le glas de la production automobile nationale tant artisanale qu&#8217;industrielle &#8211; JONCKHEERE \u00e9chappera \u00e0 la r\u00e9cession du secteur en d\u00e9veloppant l&#8217;important marche des transports en commun qu&#8217;il domine en Belgique et qu&#8217;il \u00e9tendre \u00e0 la Hollande dans la p\u00e9riode qui pr\u00e9c\u00e8de le second conflit mondial. C&#8217;est encore JONCKHEERE qui, en 1934, carrossera de fa\u00e7on tr\u00e8s moderne pour la soci\u00e9t\u00e9 des Tramways Bruxellois un ch\u00e2ssis d&#8217;autobus \u00e0 cabine avanc\u00e9e construit par MINERVA.<\/span><\/p>\n<p class=\"p3\"><span style=\"font-size: 12pt;\">Apr\u00e8s la seconde guerre mondiale s&#8217;ouvre le d\u00e9veloppement rapide du transport routier et du tourisme. Sous la direction d&#8217; Henri JONCKHEERE, l&#8217;entreprise poursuivra son d\u00e9veloppement et sa diversification dans le secteur des autobus, ambulances, v\u00e9hicules publicitaires, mais aussi dans les composants et l&#8217;\u00e9lectronique industrielle ainsi que dans les machines de construction. Le Groupe JONCKHEERE se composait ainsi de plusieurs divisions industrielles.<\/span><\/p>\n<p class=\"p3\"><span style=\"font-size: 12pt;\">Au Salon de Bruxelles de 1955,le carrossier JONCKHEERE pr\u00e9sente une s\u00e9rie d&#8217;auto-bus et d&#8217;autocars dont un car grand tourisme de 28 places sur ch\u00e2ssis CHEVROLET, v\u00e9hicule particuli\u00e8rement attractif avec toit ouvrant en plexiglass, soute \u00e0 bagages de grande capacit\u00e9 et arri\u00e8re sur\u00e9lev\u00e9 pour obtenir une meilleure visibilit\u00e9.<\/span><\/p>\n<p class=\"p3\"><img loading=\"lazy\" decoding=\"async\" class=\"size-medium wp-image-202271 alignleft\" src=\"https:\/\/rvccb.be\/wp-content\/uploads\/2016\/09\/Jonckheere-bus.jpg\" alt=\"jonckheere-bus\" width=\"300\" height=\"225\" srcset=\"https:\/\/rvccb.be\/wp-content\/uploads\/2016\/09\/Jonckheere-bus.jpg 400w, https:\/\/rvccb.be\/wp-content\/uploads\/2016\/09\/Jonckheere-bus-300x225.jpg 300w\" sizes=\"(max-width: 300px) 100vw, 300px\" \/><span style=\"font-size: 12pt;\">Aujourd&#8217;hui, avec ses 1500 ouvriers et techniciens, un chiffre d&#8217;affaire de plus de deux milliards annuel pour sa seule division \u201cBus &amp; Car\u201d, et une production d&#8217;une quinzaine d&#8217;autobus et autocars de tous types par semaine ( autobus destin\u00e9s au transport urbain, autocars luxueusement \u00e9quip\u00e9s ou encore autobus sp\u00e9cialement con\u00e7us pour les pays industrialis\u00e9s ou en voie de d\u00e9veloppement ), JONCKHEERE qui exporte pas moins de 85% de sa production \u00e0 l&#8217;\u00e9tranger o\u00f9 il dispose de plusieurs filiales, reste une entreprise belge performante dont le label de qualit\u00e9 tant de ses produits que du service proche de la client\u00e8le reste exemplaire tant ses choix furent \u00e0 l&#8217;origine judicieux.<\/span><\/p>\n<p class=\"p3\"><span style=\"font-size: 12pt;\">Outre des bases implant\u00e9es au P\u00e9rou, aux Cara\u00efbes, dans les Bermudes, l&#8217;\u00c9thiopie, le Yemen, Oman, la Nouvelle Cal\u00e9donie ou l&#8217;Islande, la firme belge livre \u00e9galement ses productions en Isra\u00ebl, au Ghana, en Grande-Bretagne et en Alg\u00e9rie, pour ne citer que ses principaux points d&#8217;exportation, adaptant ses produits \u00e0 la client\u00e8le, qu&#8217;il s&#8217;agisse de petits bus \u00e9troits pour les Bermudes ou de cars sp\u00e9cialement con\u00e7us pour la police alg\u00e9rienne, tandis qu&#8217;en Belgique elle fournit de nombreux v\u00e9hicules destin\u00e9s \u00e0 \u00e9quiper les TEC en Wallonie, la STIB \u00e0 Bruxelles ou De LIJN en Flandres. Plus que centenaire et toujours en pleine aclivit\u00e9, la firme JONCKHEERE se devait de figurer parmi les constructeurs belges de renom.<\/span><\/p>\n<p>[\/et_pb_text][et_pb_text admin_label=&#8221;JOOS&#8221; background_layout=&#8221;dark&#8221; text_orientation=&#8221;left&#8221; use_border_color=&#8221;off&#8221; border_color=&#8221;#ffffff&#8221; border_style=&#8221;solid&#8221; module_id=&#8221;JOOS&#8221; background_position=&#8221;top_left&#8221; background_repeat=&#8221;repeat&#8221; background_size=&#8221;initial&#8221;]<\/p>\n<p class=\"p2\"><span style=\"color: #ff5b5b;\"><b><span style=\"font-size: 14pt;\">JOOS\u00a0\u00a0\u00a0\u00a0\u00a01913<\/span><\/b><\/span><span style=\"font-size: 12pt;\"><br \/>\n Louvain<\/span><\/p>\n<p class=\"p3\"><span style=\"font-size: 12pt;\">Carrossier belge \u00e0 qui l&#8217;on doit notamment une tr\u00e8s belle limousine sur ch\u00e2ssis MINERVA en 1913.<\/span><\/p>\n<p>[\/et_pb_text][et_pb_text admin_label=&#8221;JUWEL&#8221; background_layout=&#8221;dark&#8221; text_orientation=&#8221;left&#8221; use_border_color=&#8221;off&#8221; border_color=&#8221;#ffffff&#8221; border_style=&#8221;solid&#8221; module_id=&#8221;JUWEL&#8221; background_position=&#8221;top_left&#8221; background_repeat=&#8221;repeat&#8221; background_size=&#8221;initial&#8221;]<\/p>\n<p class=\"p2\"><span style=\"color: #ff5b5b;\"><b><span style=\"font-size: 14pt;\">JUWEL Bruxelles et Herstal\u00a0\u00a0\u00a0\u00a0\u00a01922 &#8211; 1928 <\/span><\/b><\/span><span style=\"font-size: 12pt;\"><br \/>\n Soci\u00e9t\u00e9 des Autos JUWEL : si\u00e8ge social rue Royale 51 \u00e0 Bruxelles <\/span><br \/>\n <span style=\"font-size: 12pt;\">Usines , rue Petite-voie 259 \u00e0 HERSTAL (1922 \u00e0 1927) <\/span><br \/>\n <span style=\"font-size: 12pt;\">Usines JUWEL &#8211; Constructions Automobiles s.a. \u00e0 HERSTAL (1927 &#8211; 1928)<\/span><\/p>\n<p class=\"p3\"><span style=\"font-size: 12pt;\">JUWEL d\u00e9cide de construire une voiture populaire \u00e0 quatre places, voiture \u201crelativement l\u00e9g\u00e8re, pouvant loger confortablement quatre passagers, consommant peu et susceptible de moyennes horaires honorables\u201d. Son programme \u00e9tait ambitieux , sortir 800 voitures au cours de la premi\u00e8re ann\u00e9e. Pr\u00e9sent\u00e9e au Salon de Bruxelles de 1922, la premi\u00e8re JUWEL \u00e9tait \u00e9quip\u00e9e d&#8217;un moteur 4 cyl.(60&#215;100) de 6\/8 cv. et de 6\/10 cv. \u00e0 soupapes lat\u00e9rales. Deux types de ch\u00e2ssis \u00e9taient propos\u00e9s ainsi que diff\u00e9rentes carrosseries avec radiateur en coupe-vent conduite int\u00e9rieure deux portes, torp\u00e9do 2 ou 4 places, sport 3 places et camionnette.<\/span><\/p>\n<p class=\"p3\"><span style=\"font-size: 12pt;\">Confronte rapidement \u00e0 des difficult\u00e9s financi\u00e8res justifiant d\u00e8s 1924 une importante augmentation de capital, JUWEL n&#8217;arrivera jamais \u00e0 produire un nombre suffisant de v\u00e9hicules lui permettant d&#8217;atteindre un prix de revient acceptable. Au Salon de Bruxelles de 1924, la firme pr\u00e9sente une nouvelle version 4 cyl. \u00e0 soupapes en t\u00eate \u00e0 culbuteurs, freins sur les roues avant et diff\u00e9rentiel, mod\u00e8le orn\u00e9 d&#8217;un nouveau radiateur plat. Cette version n&#8217;eut gu\u00e8re de diffusion tandis qu&#8217;un audacieux mod\u00e8le sport construit en 1926 restera \u00e0 I&#8217;\u00e9tat de prototype.<\/span><\/p>\n<p class=\"p3\"><span style=\"font-size: 12pt;\">En septembre 1927 est fond\u00e9e une nouvelle soci\u00e9t\u00e9 au capital de cinq millions de francs, les &lt;, Usines JUWEL Constructions Automobiles s.a. &#8211; dont le si\u00e8ge sera cette fois situe \u00e0 HERSTAL. Elle pr\u00e9sentera au Salon de Bruxelles de 1928 un v\u00e9hicule \u00e0 traction avant tr\u00e8s inspir\u00e9 de la TRACTA et \u00e9quip\u00e9 du moteur 4 cyl. JUWEL. Ce mod\u00e8le TA-4 ne sera pas produit en s\u00e9rie. De cette JUWEL TA-4 sera d\u00e9rive l&#8217;ASTRA construite dans cette m\u00eame usine d&#8217;Herstal.<\/span><\/p>\n<p>[\/et_pb_text][\/et_pb_column][\/et_pb_row][\/et_pb_section]<\/p>\n","protected":false},"excerpt":{"rendered":"<p>&nbsp; BELGISCHE CONTRUCTEURS DOOR DANIEL ABSIL A\u00a0B\u00a0C\u00a0D\u00a0E\u00a0F\u00a0G\u00a0H\u00a0I\u00a0J\u00a0K\u00a0L\u00a0M\u00a0N\u00a0O\u00a0P\u00a0Q\u00a0R\u00a0S\u00a0T\u00a0U\u00a0V\u00a0W\u00a0X\u00a0Y\u00a0Z JANSSENS JEECY &#8211; VEA JENATZY JONCKHEERE JOOS JUWEL JANSSENS (Ateliers A. JANSSENS)\u00a0\u00a0\u00a0\u00a0\u00a01902-1910 rue du Gazom\u00e8tre \u00e0 Saint Nicolas Titulaires des 1900 d&#8217;un brevet concernant l&#8217;avant-train moteur pouvant \u00eatre fixe sur un v\u00e9hicule hippomobile, les Ateliers JANSSENS construiront une voiture de ville \u00e0 moteur 2 ou 4 cylindres mont\u00e9 [&hellip;]<\/p>\n","protected":false},"author":466,"featured_media":0,"parent":206947,"menu_order":0,"comment_status":"closed","ping_status":"closed","template":"","meta":{"_et_pb_use_builder":"on","_et_pb_old_content":"","_et_gb_content_width":"","footnotes":""},"class_list":["post-207197","page","type-page","status-publish","hentry"],"jetpack_sharing_enabled":true,"_links":{"self":[{"href":"https:\/\/rvccb.be\/nl\/wp-json\/wp\/v2\/pages\/207197","targetHints":{"allow":["GET"]}}],"collection":[{"href":"https:\/\/rvccb.be\/nl\/wp-json\/wp\/v2\/pages"}],"about":[{"href":"https:\/\/rvccb.be\/nl\/wp-json\/wp\/v2\/types\/page"}],"author":[{"embeddable":true,"href":"https:\/\/rvccb.be\/nl\/wp-json\/wp\/v2\/users\/466"}],"replies":[{"embeddable":true,"href":"https:\/\/rvccb.be\/nl\/wp-json\/wp\/v2\/comments?post=207197"}],"version-history":[{"count":0,"href":"https:\/\/rvccb.be\/nl\/wp-json\/wp\/v2\/pages\/207197\/revisions"}],"up":[{"embeddable":true,"href":"https:\/\/rvccb.be\/nl\/wp-json\/wp\/v2\/pages\/206947"}],"wp:attachment":[{"href":"https:\/\/rvccb.be\/nl\/wp-json\/wp\/v2\/media?parent=207197"}],"curies":[{"name":"wp","href":"https:\/\/api.w.org\/{rel}","templated":true}]}}