{"id":207212,"date":"2016-09-28T18:11:39","date_gmt":"2016-09-28T16:11:39","guid":{"rendered":"https:\/\/rvccb.be\/?page_id=207212"},"modified":"2023-11-25T10:44:18","modified_gmt":"2023-11-25T09:44:18","slug":"o","status":"publish","type":"page","link":"https:\/\/rvccb.be\/nl\/constructeurs-nl\/o\/","title":{"rendered":"O"},"content":{"rendered":"<p>[et_pb_section bb_built=&#8221;1&#8243; fullwidth=&#8221;off&#8221; specialty=&#8221;off&#8221; transparent_background=&#8221;on&#8221; background_color=&#8221;rgba(255,255,255,0)&#8221; allow_player_pause=&#8221;off&#8221; inner_shadow=&#8221;off&#8221; parallax=&#8221;off&#8221; parallax_method=&#8221;off&#8221; padding_mobile=&#8221;off&#8221; make_fullwidth=&#8221;off&#8221; use_custom_width=&#8221;off&#8221; width_unit=&#8221;on&#8221; make_equal=&#8221;off&#8221; use_custom_gutter=&#8221;off&#8221; next_background_color=&#8221;#000000&#8243; custom_padding_tablet=&#8221;50px|0|50px|0&#8243; custom_padding_last_edited=&#8221;on|desktop&#8221;][et_pb_row make_fullwidth=&#8221;on&#8221; use_custom_width=&#8221;off&#8221; width_unit=&#8221;on&#8221; use_custom_gutter=&#8221;off&#8221; padding_mobile=&#8221;off&#8221; allow_player_pause=&#8221;off&#8221; parallax=&#8221;off&#8221; parallax_method=&#8221;off&#8221; make_equal=&#8221;off&#8221; parallax_1=&#8221;off&#8221; parallax_method_1=&#8221;off&#8221; column_padding_mobile=&#8221;on&#8221; background_position=&#8221;top_left&#8221; background_repeat=&#8221;repeat&#8221; background_size=&#8221;initial&#8221;][et_pb_column type=&#8221;4_4&#8243;][et_pb_text background_layout=&#8221;light&#8221; text_orientation=&#8221;center&#8221; use_border_color=&#8221;off&#8221; custom_css_main_element=&#8221;padding: 0px;&#8221; _builder_version=&#8221;3.0.105&#8243;]<\/p>\n<p>&nbsp;<\/p>\n<p><span style=\"font-size: 18pt;\">BELGISCHE CONTRUCTEURS DOOR DANIEL ABSIL<\/span><\/p>\n<p><span style=\"font-size: 24pt;\"><span class=\"style68\"><a href=\"https:\/\/rvccb.be\/constructeurs\/a\/?lang=nl\">A<\/a>\u00a0<\/span><a href=\"https:\/\/rvccb.be\/constructeurs\/b\/?lang=nl\">B<\/a>\u00a0<a href=\"https:\/\/rvccb.be\/constructeurs\/c\/?lang=nl\">C<\/a>\u00a0<a href=\"https:\/\/rvccb.be\/constructeurs\/d\/?lang=nl\">D<\/a>\u00a0<a href=\"https:\/\/rvccb.be\/constructeurs\/e\/?lang=nl\">E<\/a>\u00a0<a href=\"https:\/\/rvccb.be\/constructeurs\/f\/?lang=nl\">F<\/a>\u00a0<a href=\"https:\/\/rvccb.be\/constructeurs\/g\/?lang=nl\">G<\/a>\u00a0<a href=\"https:\/\/rvccb.be\/constructeurs\/h\/?lang=nl\">H<\/a>\u00a0<a href=\"https:\/\/rvccb.be\/constructeurs\/i\/?lang=nl\">I<\/a>\u00a0<a href=\"https:\/\/rvccb.be\/constructeurs\/j\/?lang=nl\">J<\/a>\u00a0<a href=\"https:\/\/rvccb.be\/constructeurs\/k\/?lang=nl\">K<\/a>\u00a0<a href=\"https:\/\/rvccb.be\/constructeurs\/l\/?lang=nl\">L<\/a>\u00a0<a href=\"https:\/\/rvccb.be\/constructeurs\/m\/?lang=nl\">M<\/a>\u00a0<a href=\"https:\/\/rvccb.be\/constructeurs\/n\/?lang=nl\">N<\/a>\u00a0<a href=\"https:\/\/rvccb.be\/constructeurs\/o\/?lang=nl\"><span style=\"font-size: 36pt;\">O<\/span><\/a>\u00a0<a href=\"https:\/\/rvccb.be\/constructeurs\/p\/?lang=nl\">P<\/a>\u00a0<a href=\"https:\/\/rvccb.be\/constructeurs\/q\/?lang=nl\">Q<\/a>\u00a0<a href=\"https:\/\/rvccb.be\/constructeurs\/r\/?lang=nl\">R<\/a>\u00a0<a href=\"https:\/\/rvccb.be\/constructeurs\/s\/?lang=nl\">S<\/a>\u00a0<a href=\"https:\/\/rvccb.be\/constructeurs\/t\/?lang=nl\">T<\/a>\u00a0<a href=\"https:\/\/rvccb.be\/constructeurs\/u\/?lang=nl\">U<\/a>\u00a0<a href=\"https:\/\/rvccb.be\/constructeurs\/v\/?lang=nl\">V<\/a>\u00a0<a href=\"https:\/\/rvccb.be\/constructeurs\/w\/?lang=nl\">W<\/a>\u00a0<a href=\"https:\/\/rvccb.be\/constructeurs\/x\/?lang=nl\">X<\/a>\u00a0<a href=\"https:\/\/rvccb.be\/constructeurs\/y\/?lang=nl\">Y<\/a>\u00a0<a href=\"https:\/\/rvccb.be\/constructeurs\/z\/?lang=nl\">Z<\/a><\/span><\/p>\n<p>[\/et_pb_text][\/et_pb_column][\/et_pb_row][\/et_pb_section][et_pb_section bb_built=&#8221;1&#8243; fullwidth=&#8221;off&#8221; specialty=&#8221;off&#8221; transparent_background=&#8221;on&#8221; background_color=&#8221;rgba(255,255,255,0)&#8221; allow_player_pause=&#8221;off&#8221; inner_shadow=&#8221;off&#8221; parallax=&#8221;off&#8221; parallax_method=&#8221;off&#8221; padding_mobile=&#8221;off&#8221; make_fullwidth=&#8221;off&#8221; use_custom_width=&#8221;off&#8221; width_unit=&#8221;on&#8221; make_equal=&#8221;off&#8221; use_custom_gutter=&#8221;off&#8221; custom_css_main_element=&#8221;margin-top: -50px;&#8221; prev_background_color=&#8221;#000000&#8243; next_background_color=&#8221;#000000&#8243; custom_padding_tablet=&#8221;50px|0|50px|0&#8243; custom_padding_last_edited=&#8221;on|desktop&#8221;][et_pb_row make_fullwidth=&#8221;off&#8221; use_custom_width=&#8221;off&#8221; width_unit=&#8221;on&#8221; use_custom_gutter=&#8221;off&#8221; padding_mobile=&#8221;off&#8221; custom_margin=&#8221;-40px|||&#8221; allow_player_pause=&#8221;off&#8221; parallax=&#8221;off&#8221; parallax_method=&#8221;off&#8221; make_equal=&#8221;off&#8221; parallax_1=&#8221;off&#8221; parallax_method_1=&#8221;off&#8221; parallax_2=&#8221;off&#8221; parallax_method_2=&#8221;off&#8221; parallax_3=&#8221;off&#8221; parallax_method_3=&#8221;off&#8221; parallax_4=&#8221;off&#8221; parallax_method_4=&#8221;off&#8221; column_padding_mobile=&#8221;on&#8221; background_position=&#8221;top_left&#8221; background_repeat=&#8221;repeat&#8221; background_size=&#8221;initial&#8221;][et_pb_column type=&#8221;1_3&#8243;][et_pb_text background_layout=&#8221;light&#8221; text_orientation=&#8221;left&#8221; use_border_color=&#8221;off&#8221; border_color=&#8221;#ffffff&#8221; border_style=&#8221;solid&#8221; custom_margin=&#8221;-30px|||&#8221; background_position=&#8221;top_left&#8221; background_repeat=&#8221;repeat&#8221; background_size=&#8221;initial&#8221;]<\/p>\n<p><span style=\"font-size: 12pt;\"><a href=\"#OBLIN\"><strong>OBLIN Martial<\/strong><\/a><\/span><\/p>\n<p>&nbsp;<\/p>\n<p>[\/et_pb_text][\/et_pb_column][et_pb_column type=&#8221;1_3&#8243;][\/et_pb_column][et_pb_column type=&#8221;1_3&#8243;][\/et_pb_column][\/et_pb_row][et_pb_row make_fullwidth=&#8221;on&#8221; use_custom_width=&#8221;off&#8221; width_unit=&#8221;on&#8221; use_custom_gutter=&#8221;off&#8221; padding_mobile=&#8221;off&#8221; allow_player_pause=&#8221;off&#8221; parallax=&#8221;off&#8221; parallax_method=&#8221;off&#8221; make_equal=&#8221;off&#8221; parallax_1=&#8221;off&#8221; parallax_method_1=&#8221;off&#8221; column_padding_mobile=&#8221;on&#8221; background_position=&#8221;top_left&#8221; background_repeat=&#8221;repeat&#8221; background_size=&#8221;initial&#8221;][et_pb_column type=&#8221;4_4&#8243;][et_pb_divider color=&#8221;#ffffff&#8221; show_divider=&#8221;on&#8221; height=&#8221;5&#8243; divider_style=&#8221;solid&#8221; divider_position=&#8221;top&#8221; hide_on_mobile=&#8221;on&#8221; disabled_on=&#8221;on|on|off&#8221; \/][\/et_pb_column][\/et_pb_row][\/et_pb_section][et_pb_section bb_built=&#8221;1&#8243; fullwidth=&#8221;off&#8221; specialty=&#8221;off&#8221; transparent_background=&#8221;on&#8221; background_color=&#8221;rgba(255,255,255,0)&#8221; allow_player_pause=&#8221;off&#8221; inner_shadow=&#8221;off&#8221; parallax=&#8221;off&#8221; parallax_method=&#8221;off&#8221; padding_mobile=&#8221;off&#8221; make_fullwidth=&#8221;off&#8221; use_custom_width=&#8221;off&#8221; width_unit=&#8221;on&#8221; make_equal=&#8221;off&#8221; use_custom_gutter=&#8221;off&#8221; prev_background_color=&#8221;#000000&#8243; custom_padding_tablet=&#8221;50px|0|50px|0&#8243; custom_padding_last_edited=&#8221;on|desktop&#8221;][et_pb_row make_fullwidth=&#8221;on&#8221; use_custom_width=&#8221;off&#8221; width_unit=&#8221;on&#8221; use_custom_gutter=&#8221;off&#8221; padding_mobile=&#8221;off&#8221; custom_margin=&#8221;-100px|||&#8221; allow_player_pause=&#8221;off&#8221; parallax=&#8221;off&#8221; parallax_method=&#8221;off&#8221; make_equal=&#8221;off&#8221; parallax_1=&#8221;off&#8221; parallax_method_1=&#8221;off&#8221; column_padding_mobile=&#8221;on&#8221; background_position=&#8221;top_left&#8221; background_repeat=&#8221;repeat&#8221; background_size=&#8221;initial&#8221;][et_pb_column type=&#8221;4_4&#8243;][et_pb_text admin_label=&#8221;OBLIN&#8221; background_layout=&#8221;dark&#8221; text_orientation=&#8221;left&#8221; use_border_color=&#8221;off&#8221; border_color=&#8221;#ffffff&#8221; border_style=&#8221;solid&#8221; module_id=&#8221;OBLIN&#8221; background_position=&#8221;top_left&#8221; background_repeat=&#8221;repeat&#8221; background_size=&#8221;initial&#8221;]<\/p>\n<p class=\"p2\"><span style=\"color: #ff5b5b;\"><b><span style=\"font-size: 14pt;\">OBLIN Martial\u00a0\u00a0\u00a0\u00a0\u00a01950-1955<\/span><\/b><\/span><br \/>\n <span style=\"font-size: 12pt;\">BRUXELLES<\/span><\/p>\n<p class=\"p2\"><span style=\"font-size: 12pt;\"><img loading=\"lazy\" decoding=\"async\" class=\"size-medium wp-image-202347 alignleft\" src=\"https:\/\/rvccb.be\/wp-content\/uploads\/2016\/09\/Oblin.jpg\" alt=\"oblin\" width=\"300\" height=\"194\" srcset=\"https:\/\/rvccb.be\/wp-content\/uploads\/2016\/09\/Oblin.jpg 400w, https:\/\/rvccb.be\/wp-content\/uploads\/2016\/09\/Oblin-300x194.jpg 300w\" sizes=\"(max-width: 300px) 100vw, 300px\" \/>On doit au carrossier belge Martial OBLIN l&#8217;habillage de diff\u00e9rents v\u00e9hicules, dont certains sur ch\u00e2ssis MINERVA.<\/span><br \/>\n <span style=\"font-size: 12pt;\">Au Salon de Bruxelles de 1955, il pr\u00e9sentait une TALBOT Grand Sport ainsi qu&#8217;un splendide roadster de comp\u00e9tition mont\u00e9 sur ch\u00e2ssis FERRARI.<\/span><\/p>\n<p class=\"p3\"><span style=\"font-size: 12pt;\">Ce dernier, dont la carrosserie en aluminium de couleur noire mat relev\u00e9 de filets rouges pesait \u2013 si\u00e8ges compris \u2013 \u00e0 peine 80 kg, fit l&#8217;objet d&#8217;appr\u00e9ciations \u00e9logieuses de PININ FARINA lui-m\u00eame, tant ses lignes et son \u00e9l\u00e9gance \u00e9taient admirables.<\/span><\/p>\n<p class=\"p3\"><span style=\"font-size: 12pt;\">Soulignons encore, parmi d&#8217;autres, sa r\u00e9alisation originale d&#8217;un coup\u00e9 deux portes JAGUAR XK120 dont l&#8217;aspect g\u00e9n\u00e9ral s&#8217;inspirait de la belle FERRARI 166 TOURING.<\/span><\/p>\n<p>[\/et_pb_text][\/et_pb_column][\/et_pb_row][\/et_pb_section]<\/p>\n","protected":false},"excerpt":{"rendered":"<p>&nbsp; BELGISCHE CONTRUCTEURS DOOR DANIEL ABSIL A\u00a0B\u00a0C\u00a0D\u00a0E\u00a0F\u00a0G\u00a0H\u00a0I\u00a0J\u00a0K\u00a0L\u00a0M\u00a0N\u00a0O\u00a0P\u00a0Q\u00a0R\u00a0S\u00a0T\u00a0U\u00a0V\u00a0W\u00a0X\u00a0Y\u00a0Z OBLIN Martial &nbsp; OBLIN Martial\u00a0\u00a0\u00a0\u00a0\u00a01950-1955 BRUXELLES On doit au carrossier belge Martial OBLIN l&#8217;habillage de diff\u00e9rents v\u00e9hicules, dont certains sur ch\u00e2ssis MINERVA. Au Salon de Bruxelles de 1955, il pr\u00e9sentait une TALBOT Grand Sport ainsi qu&#8217;un splendide roadster de comp\u00e9tition mont\u00e9 sur ch\u00e2ssis FERRARI. Ce dernier, dont la [&hellip;]<\/p>\n","protected":false},"author":466,"featured_media":0,"parent":206947,"menu_order":0,"comment_status":"closed","ping_status":"closed","template":"","meta":{"_et_pb_use_builder":"on","_et_pb_old_content":"","_et_gb_content_width":"","footnotes":""},"class_list":["post-207212","page","type-page","status-publish","hentry"],"jetpack_sharing_enabled":true,"_links":{"self":[{"href":"https:\/\/rvccb.be\/nl\/wp-json\/wp\/v2\/pages\/207212","targetHints":{"allow":["GET"]}}],"collection":[{"href":"https:\/\/rvccb.be\/nl\/wp-json\/wp\/v2\/pages"}],"about":[{"href":"https:\/\/rvccb.be\/nl\/wp-json\/wp\/v2\/types\/page"}],"author":[{"embeddable":true,"href":"https:\/\/rvccb.be\/nl\/wp-json\/wp\/v2\/users\/466"}],"replies":[{"embeddable":true,"href":"https:\/\/rvccb.be\/nl\/wp-json\/wp\/v2\/comments?post=207212"}],"version-history":[{"count":0,"href":"https:\/\/rvccb.be\/nl\/wp-json\/wp\/v2\/pages\/207212\/revisions"}],"up":[{"embeddable":true,"href":"https:\/\/rvccb.be\/nl\/wp-json\/wp\/v2\/pages\/206947"}],"wp:attachment":[{"href":"https:\/\/rvccb.be\/nl\/wp-json\/wp\/v2\/media?parent=207212"}],"curies":[{"name":"wp","href":"https:\/\/api.w.org\/{rel}","templated":true}]}}