{"id":218560,"date":"2025-10-01T16:16:46","date_gmt":"2025-10-01T14:16:46","guid":{"rendered":"https:\/\/rvccb.be\/?page_id=218560"},"modified":"2026-05-13T10:05:27","modified_gmt":"2026-05-13T08:05:27","slug":"evenementenkalender","status":"publish","type":"page","link":"https:\/\/rvccb.be\/nl\/evenementenkalender\/","title":{"rendered":"Evenementenkalender"},"content":{"rendered":"<p>[et_pb_section fb_built=&#8221;1&#8243; admin_label=&#8221;section&#8221; _builder_version=&#8221;4.27.4&#8243; background_color=&#8221;#000000&#8243; background_image=&#8221;https:\/\/rvccb.be\/wp-content\/uploads\/2025\/10\/Generations25-scaled.jpg&#8221; locked=&#8221;off&#8221; global_colors_info=&#8221;{}&#8221;][et_pb_row admin_label=&#8221;row&#8221; _builder_version=&#8221;4.16&#8243; background_size=&#8221;initial&#8221; background_position=&#8221;top_left&#8221; background_repeat=&#8221;repeat&#8221; global_colors_info=&#8221;{}&#8221;][et_pb_column type=&#8221;4_4&#8243; _builder_version=&#8221;4.16&#8243; custom_padding=&#8221;|||&#8221; global_colors_info=&#8221;{}&#8221; custom_padding__hover=&#8221;|||&#8221;][et_pb_text _builder_version=&#8221;4.27.4&#8243; _module_preset=&#8221;default&#8221; text_font=&#8221;Verdana|||on|||||&#8221; text_text_color=&#8221;#000000&#8243; text_font_size=&#8221;30px&#8221; text_letter_spacing=&#8221;3px&#8221; global_colors_info=&#8221;{}&#8221;]<\/p>\n<p style=\"text-align: center;\"><strong><span style=\"color: #ffcc00;\">E V E N E M E N T E N K A L E N D E R\u00a0 \u00a0 2 0 2 6<\/span><\/strong><\/p>\n<p>[\/et_pb_text][\/et_pb_column][\/et_pb_row][\/et_pb_section][et_pb_section fb_built=&#8221;1&#8243; _builder_version=&#8221;4.23.1&#8243; _module_preset=&#8221;default&#8221; locked=&#8221;off&#8221; global_colors_info=&#8221;{}&#8221;][et_pb_row _builder_version=&#8221;4.27.4&#8243; _module_preset=&#8221;default&#8221; width=&#8221;1520px&#8221; max_width=&#8221;1520px&#8221; min_height=&#8221;80px&#8221; height=&#8221;120px&#8221; max_height=&#8221;150px&#8221; global_colors_info=&#8221;{}&#8221;][et_pb_column type=&#8221;4_4&#8243; _builder_version=&#8221;4.23.1&#8243; _module_preset=&#8221;default&#8221; global_colors_info=&#8221;{}&#8221;][et_pb_text _builder_version=&#8221;4.27.4&#8243; _module_preset=&#8221;default&#8221; text_text_color=&#8221;#000000&#8243; text_font_size=&#8221;20px&#8221; global_colors_info=&#8221;{}&#8221;]<\/p>\n<p><span style=\"color: #333333;\"><strong>R V C C B<\/strong><\/span><\/p>\n<p>[\/et_pb_text][et_pb_text _builder_version=&#8221;4.27.6&#8243; _module_preset=&#8221;default&#8221; text_font=&#8221;Arial||||||||&#8221; text_text_color=&#8221;#000000&#8243; text_font_size=&#8221;16px&#8221; text_letter_spacing=&#8221;2px&#8221; hover_enabled=&#8221;0&#8243; global_colors_info=&#8221;{}&#8221; sticky_enabled=&#8221;0&#8243;]<\/p>\n<table border=\"1\" style=\"border-collapse: collapse; width: 100.063%; height: 408px;\">\n<tbody>\n<tr style=\"height: 24px;\">\n<td style=\"width: 45.8363%; height: 24px;\"><span style=\"color: #000000;\"><strong>1 februari<\/strong><\/span><\/td>\n<td style=\"width: 54.1637%; height: 24px;\"><span>Algemene Vergadering<\/span> &#8211; Niewjaarslunch (H\u00f4tel les 3 cl\u00e9s &#8211; Gembloux)<\/td>\n<\/tr>\n<tr style=\"height: 24px;\">\n<td style=\"width: 45.8363%; height: 24px;\"><span style=\"color: #000000;\"><strong>7 &amp; 8 februari<\/strong><\/span><\/td>\n<td style=\"width: 54.1637%; height: 24px;\">65ste Fagnes Hivernales (<em>voor open wagens van voor 1931<\/em>)<\/td>\n<\/tr>\n<tr style=\"height: 24px;\">\n<td style=\"width: 45.8363%; height: 24px;\"><strong><span style=\"color: #000000;\">22 maart<\/span><\/strong><\/td>\n<td style=\"width: 54.1637%; height: 24px;\">4de Veteran Experience Day<\/td>\n<\/tr>\n<tr style=\"height: 24px;\">\n<td style=\"width: 45.8363%; height: 24px;\"><strong>18 april<\/strong><\/td>\n<td style=\"width: 54.1637%; height: 24px;\">14de D\u00e9bloc&#8217;Bielles (<em>voor wagens van voor<\/em><em>\u00a01919<\/em>)<\/td>\n<\/tr>\n<tr style=\"height: 24px;\">\n<td style=\"width: 45.8363%; height: 24px;\"><strong>1 &amp; 2 mei<\/strong><\/td>\n<td style=\"width: 54.1637%; height: 24px;\">70ste verjaardagsrit<\/td>\n<\/tr>\n<tr style=\"height: 24px;\">\n<td style=\"width: 45.8363%; height: 24px;\"><strong>15, 16 &amp; 17 mei<\/strong><\/td>\n<td style=\"width: 54.1637%; height: 24px;\">2de &#8220;A travers les \u00e2ges&#8221;<\/td>\n<\/tr>\n<tr style=\"height: 24px;\">\n<td style=\"width: 45.8363%; text-align: right; height: 24px;\"><strong><span style=\"color: #ff6600;\"><span style=\"color: #000000;\"><span style=\"color: #ff0000;\"><em>U moet ingelogd zijn om toegang te hebben tot de inschrijvingen<\/em><\/span><\/span><\/span><\/strong><\/td>\n<td style=\"width: 54.1637%; height: 24px;\"><span style=\"text-decoration: underline;\"><strong><a href=\"https:\/\/rvccb.be\/events\/2eme-atla\/\" target=\"_blank\" rel=\"noopener\" title=\"2de &quot;A travers les \u00e2ges&quot; Inscrijving\"><span style=\"color: #0000ff; text-decoration: underline;\">&gt;&gt; 2de &#8220;A travers les \u00e2ges&#8221; Inschrijving &#8211; Klik hier &lt;&lt;<\/span><\/a><\/strong><\/span>\u2002\u00a0 <strong><span style=\"color: #ff6600;\">eindigt op 28 april<\/span><\/strong><\/td>\n<\/tr>\n<tr style=\"height: 24px;\">\n<td style=\"width: 45.8363%; height: 24px;\"><strong>29, 30 &amp; 31 mei<\/strong><\/td>\n<td style=\"width: 54.1637%; height: 24px;\">43ste Randonn\u00e9e 1900 \u2013 Autotocht (<em>voor wagens van voor<\/em><em>\u00a01905<\/em>)<\/td>\n<\/tr>\n<tr style=\"height: 24px;\">\n<td style=\"width: 45.8363%; text-align: right; height: 24px;\"><strong><span style=\"color: #ff6600;\"><span style=\"color: #000000;\"><span style=\"color: #ff0000;\"><em>U moet ingelogd zijn om toegang te hebben tot de inschrijvingen<\/em><\/span><\/span><\/span><\/strong><\/td>\n<td style=\"width: 54.1637%; height: 24px;\"><span style=\"text-decoration: underline;\"><strong><a href=\"https:\/\/rvccb.be\/events\/43e-autotocht\" target=\"_blank\" rel=\"noopener\" title=\"1900 Inscrijving\"><span style=\"color: #0000ff; text-decoration: underline;\">&gt;&gt; 1900 Inschrijving &#8211; Klik hier &lt;&lt;<\/span><\/a><\/strong><\/span>\u2002\u00a0 <strong><span style=\"color: #ff6600;\">eindigt op 15 mei<\/span><\/strong><\/td>\n<\/tr>\n<tr style=\"height: 24px;\">\n<td style=\"width: 45.8363%; height: 24px;\"><strong>21\u00a0 juni<\/strong><\/td>\n<td style=\"width: 54.1637%; height: 24px;\">Zomertocht<\/td>\n<\/tr>\n<tr style=\"height: 24px;\">\n<td style=\"width: 45.8363%; text-align: right; height: 24px;\"><span style=\"color: #000000;\"><strong><span style=\"color: #ff6600;\"><span style=\"color: #ff0000;\"><em>U moet ingelogd zijn om toegang te hebben tot de inschrijvingen<\/em><\/span><\/span><\/strong><\/span><\/td>\n<td style=\"width: 54.1637%; height: 24px;\"><span style=\"text-decoration: underline;\"><strong><a href=\"https:\/\/rvccb.be\/events\/zomertocht\" target=\"_blank\" rel=\"noopener\" title=\"1900 Inscrijving\"><span style=\"color: #0000ff; text-decoration: underline;\">&gt;&gt; Zomertocht Inschrijving &#8211; Klik hier &lt;&lt;<\/span><\/a><\/strong><\/span>\u2002\u00a0 <strong><span style=\"color: #ff6600;\">eindigt op 31 mei<\/span><\/strong><\/td>\n<\/tr>\n<tr style=\"height: 24px;\">\n<td style=\"width: 45.8363%; height: 24px;\"><span style=\"color: #000000;\"><strong>12 juli<\/strong><\/span><\/td>\n<td style=\"width: 54.1637%; height: 24px;\">48ste Ourthe &amp; Meuse<\/td>\n<\/tr>\n<tr style=\"height: 24px;\">\n<td style=\"width: 45.8363%; height: 24px;\"><span style=\"color: #ff6600;\"><strong><span style=\"color: #000000;\">24, 25 &amp; 26 juli<\/span><\/strong><\/span><\/td>\n<td style=\"width: 54.1637%; height: 24px;\">69ste <span style=\"color: #000000;\">Rally der Vlaanderen<\/span><\/td>\n<\/tr>\n<tr style=\"height: 24px;\">\n<td style=\"width: 45.8363%; height: 24px;\"><span style=\"color: #000000;\"><strong>23 augustus<\/strong><\/span><\/td>\n<td style=\"width: 54.1637%; height: 24px;\"><span>2de Cyclecars &amp; Sportscars<\/span><\/td>\n<\/tr>\n<tr style=\"height: 24px;\">\n<td style=\"width: 45.8363%; height: 24px;\"><strong>4, 5 &amp; 6 september<\/strong><\/td>\n<td style=\"width: 54.1637%; height: 24px;\">12de Balade des G\u00e9n\u00e9rations<\/td>\n<\/tr>\n<tr style=\"height: 24px;\">\n<td style=\"width: 45.8363%; height: 24px;\"><span style=\"color: #000000;\"><strong>7 november<\/strong><\/span><\/td>\n<td style=\"width: 54.1637%; height: 24px;\">5de L to B (<em>voor wagens van voor<\/em><em>\u00a01905<\/em>)<\/td>\n<\/tr>\n<tr style=\"height: 24px;\">\n<td style=\"width: 45.8363%; height: 24px;\"><strong>Niet in 2026, maar gepland voor oktober 2027<\/strong><span style=\"color: #000000;\"><strong><br \/><\/strong><\/span><\/td>\n<td style=\"width: 54.1637%; height: 24px;\"><span>2de Randonn\u00e9e Ardennes et Gaume<\/span><\/td>\n<\/tr>\n<\/tbody>\n<\/table>\n<p>[\/et_pb_text][\/et_pb_column][\/et_pb_row][et_pb_row _builder_version=&#8221;4.25.0&#8243; _module_preset=&#8221;default&#8221; min_height=&#8221;50px&#8221; max_height=&#8221;80px&#8221; global_colors_info=&#8221;{}&#8221;][et_pb_column type=&#8221;4_4&#8243; _builder_version=&#8221;4.23.1&#8243; _module_preset=&#8221;default&#8221; global_colors_info=&#8221;{}&#8221;][\/et_pb_column][\/et_pb_row][et_pb_row _builder_version=&#8221;4.27.4&#8243; _module_preset=&#8221;default&#8221; width=&#8221;1520px&#8221; max_width=&#8221;1520px&#8221; global_colors_info=&#8221;{}&#8221;][et_pb_column type=&#8221;4_4&#8243; _builder_version=&#8221;4.23.1&#8243; _module_preset=&#8221;default&#8221; global_colors_info=&#8221;{}&#8221;][et_pb_text _builder_version=&#8221;4.27.4&#8243; _module_preset=&#8221;default&#8221; text_text_color=&#8221;#000000&#8243; text_font_size=&#8221;20px&#8221; global_colors_info=&#8221;{}&#8221;]<\/p>\n<p><span style=\"color: #333333;\"><strong><\/strong><\/span><\/p>\n<p><span style=\"color: #333333;\"><strong>B u i t e n\u00a0 \u00a0R V C C B<\/strong><\/span><\/p>\n<p>[\/et_pb_text][et_pb_text _builder_version=&#8221;4.27.4&#8243; _module_preset=&#8221;default&#8221; text_font=&#8221;Arial||||||||&#8221; text_text_color=&#8221;#000000&#8243; text_font_size=&#8221;16px&#8221; text_letter_spacing=&#8221;2px&#8221; global_colors_info=&#8221;{}&#8221;]<\/p>\n<table border=\"1\" style=\"border-collapse: collapse; width: 100%;\">\n<tbody>\n<tr>\n<td style=\"width: 42.1758%;\"><span style=\"color: #ff6600;\"><strong>???<\/strong><\/span><\/td>\n<td style=\"width: 57.8242%;\">BeForty (<em>voor jongeren tot 40 jaar oud<\/em>)<\/td>\n<\/tr>\n<tr>\n<td style=\"width: 42.1758%;\"><strong>21 juli<\/strong><\/td>\n<td style=\"width: 57.8242%;\">Les poilus (<em>jusqu&#8217;\u00e0 1914<\/em>) &#8211; Tacot Club Mouscronois<\/td>\n<\/tr>\n<tr>\n<td style=\"width: 42.1758%;\"><strong>28, 29 &amp; 30 augustus<\/strong><\/td>\n<td style=\"width: 57.8242%;\">Randonn\u00e9e de la fin des vacances &#8211; V\u00e9t\u00e9ran Car Club Grand Ducal<\/td>\n<\/tr>\n<tr>\n<td style=\"width: 42.1758%;\"><span style=\"color: #ff6600;\"><strong>in september<\/strong><\/span><\/td>\n<td style=\"width: 57.8242%;\">Antwerp Concours d&#8217;El\u00e9gance<\/td>\n<\/tr>\n<tr>\n<td style=\"width: 42.1758%;\"><span style=\"color: #000000;\"><strong>11, 12 &amp; 13 december<\/strong><\/span><\/td>\n<td style=\"width: 57.8242%;\">Prewar Days &#8211; Kortrijk xpo<\/td>\n<\/tr>\n<\/tbody>\n<\/table>\n<p>&nbsp;<\/p>\n<p>[\/et_pb_text][\/et_pb_column][\/et_pb_row][\/et_pb_section]<\/p>\n","protected":false},"excerpt":{"rendered":"<p>E V E N E M E N T E N K A L E N D E R\u00a0 \u00a0 2 0 2 6R V C C B 1 februari Algemene Vergadering &#8211; Niewjaarslunch (H\u00f4tel les 3 cl\u00e9s &#8211; Gembloux) 7 &amp; 8 februari 65ste Fagnes Hivernales (voor open wagens van voor 1931) 22 maart [&hellip;]<\/p>\n","protected":false},"author":1320,"featured_media":0,"parent":0,"menu_order":0,"comment_status":"closed","ping_status":"closed","template":"","meta":{"_et_pb_use_builder":"on","_et_pb_old_content":"","_et_gb_content_width":"","footnotes":""},"class_list":["post-218560","page","type-page","status-publish","hentry"],"jetpack_sharing_enabled":true,"_links":{"self":[{"href":"https:\/\/rvccb.be\/nl\/wp-json\/wp\/v2\/pages\/218560","targetHints":{"allow":["GET"]}}],"collection":[{"href":"https:\/\/rvccb.be\/nl\/wp-json\/wp\/v2\/pages"}],"about":[{"href":"https:\/\/rvccb.be\/nl\/wp-json\/wp\/v2\/types\/page"}],"author":[{"embeddable":true,"href":"https:\/\/rvccb.be\/nl\/wp-json\/wp\/v2\/users\/1320"}],"replies":[{"embeddable":true,"href":"https:\/\/rvccb.be\/nl\/wp-json\/wp\/v2\/comments?post=218560"}],"version-history":[{"count":24,"href":"https:\/\/rvccb.be\/nl\/wp-json\/wp\/v2\/pages\/218560\/revisions"}],"predecessor-version":[{"id":220151,"href":"https:\/\/rvccb.be\/nl\/wp-json\/wp\/v2\/pages\/218560\/revisions\/220151"}],"wp:attachment":[{"href":"https:\/\/rvccb.be\/nl\/wp-json\/wp\/v2\/media?parent=218560"}],"curies":[{"name":"wp","href":"https:\/\/api.w.org\/{rel}","templated":true}]}}